{"id":1461,"date":"2024-07-01T11:00:33","date_gmt":"2024-07-01T09:00:33","guid":{"rendered":"https:\/\/www.aeroport-rodez.fr\/?page_id=1461\/"},"modified":"2024-09-04T10:57:31","modified_gmt":"2024-09-04T08:57:31","slug":"restauration","status":"publish","type":"page","link":"https:\/\/www.aeroport-rodez.fr\/en\/services-restaurant\/restauration\/","title":{"rendered":"Restauration"},"content":{"rendered":"<h2 style=\"text-align: center;\"><span class=\"titre-h2\">NEED A BREAK?<br \/>\n<\/span><\/h2>\n<p style=\"text-align: center;\"><span class=\"titre-h4 gros-texte bleu-clair\"><span style=\"color: #2c3e50;\">Come and discover the delights of l&rsquo;Epi du Rouergue before your Ryanair flight<\/span><\/span><\/p>\n<h4 style=\"text-align: center;\"><span class=\"titre-h4\">Rodez-Aveyron airport opens its doors at l&rsquo;Epi du Rouergue ! <\/span><\/h4>\n<h4 style=\"text-align: center;\"><span class=\"titre-h4\">It&rsquo;s time for your breakfast : coffee, tea, fruit juices and pastries.<\/span><\/h4>\n<h4 style=\"text-align: center;\">It&rsquo;s time for your lunch : sandwich, hot dog.<\/h4>\n<h4 style=\"text-align: center;\">If you want to try the local sp\u00e9cialities : g\u00e2teau \u00e0 la broche, \u00e9chaud\u00e9 with anis, fouace and others<\/h4>\n<p>&nbsp;<\/p>\n<h2 style=\"text-align: center;\"><strong>opening hours<\/strong><\/h2>\n<h4 style=\"text-align: center;\">MONDAY: 5:30am &#8211; 1:30 pm<\/h4>\n<h4 style=\"text-align: center;\">TUESDAY: 5:30am &#8211; 1:30 pm<\/h4>\n<h4 style=\"text-align: center;\">WEDNESDAY: 5:30am &#8211; 1:30 pm<\/h4>\n<h4 style=\"text-align: center;\">THURSDAY: 5:30am &#8211; 1:30 pm<\/h4>\n<h4 style=\"text-align: center;\">FRIDAY: 5:30am &#8211; 1:30 pm<\/h4>\n<h4 style=\"text-align: center;\">SATURDAY: closed<\/h4>\n<h4 style=\"text-align: center;\">SUNDAY: during Ryanair flight<\/h4>\n<p><span class=\"titre-h4\">\u00a0<\/span><\/p>\n<h3>\u00a0<\/h3>\n","protected":false},"excerpt":{"rendered":"<p>NEED A BREAK? Come and discover the delights of l&rsquo;Epi du Rouergue before your Ryanair flight Rodez-Aveyron airport opens its doors at l&rsquo;Epi du Rouergue ! It&rsquo;s time &#8230;<\/p>\n","protected":false},"author":2,"featured_media":4415,"parent":463,"menu_order":15,"comment_status":"closed","ping_status":"closed","template":"","meta":[],"yoast_head":"<!-- This site is optimized with the Yoast SEO plugin v19.13 - https:\/\/yoast.com\/wordpress\/plugins\/seo\/ -->\n<title>Restaurant - Rodez-Aveyron Airport<\/title>\n<meta name=\"description\" content=\"Need a break... The airport&#039;s Bar\/Restaurant welcomes you for a drink, a snack or lunch! For snacks: mixed salads and sandwiches\" \/>\n<meta name=\"robots\" content=\"index, follow, max-snippet:-1, max-image-preview:large, max-video-preview:-1\" \/>\n<link rel=\"canonical\" href=\"https:\/\/www.aeroport-rodez.fr\/en\/services-restaurant\/restauration\/\" \/>\n<meta property=\"og:locale\" content=\"en_GB\" \/>\n<meta property=\"og:type\" content=\"article\" \/>\n<meta property=\"og:title\" content=\"Restaurant - Rodez-Aveyron Airport\" \/>\n<meta property=\"og:description\" content=\"Need a break... The airport&#039;s Bar\/Restaurant welcomes you for a drink, a snack or lunch! For snacks: mixed salads and sandwiches\" \/>\n<meta property=\"og:url\" content=\"https:\/\/www.aeroport-rodez.fr\/en\/services-restaurant\/restauration\/\" \/>\n<meta property=\"og:site_name\" content=\"A\u00e9roport Rodez\" \/>\n<meta property=\"article:publisher\" content=\"https:\/\/www.facebook.com\/A%c3%a9roport-Rodez-Aveyron-341518136231765\/\" \/>\n<meta property=\"article:modified_time\" content=\"2024-09-04T08:57:31+00:00\" \/>\n<meta property=\"og:image\" content=\"https:\/\/www.aeroport-rodez.fr\/wp-content\/uploads\/2024\/07\/pain.jpg\" \/>\n\t<meta property=\"og:image:width\" content=\"2048\" \/>\n\t<meta property=\"og:image:height\" content=\"1365\" \/>\n\t<meta property=\"og:image:type\" content=\"image\/jpeg\" \/>\n<meta name=\"twitter:card\" content=\"summary_large_image\" \/>\n<meta name=\"twitter:label1\" content=\"Estimated reading time\" \/>\n\t<meta name=\"twitter:data1\" content=\"1 minute\" \/>\n<script type=\"application\/ld+json\" class=\"yoast-schema-graph\">{\"@context\":\"https:\/\/schema.org\",\"@graph\":[{\"@type\":\"WebPage\",\"@id\":\"https:\/\/www.aeroport-rodez.fr\/en\/services-restaurant\/restauration\/\",\"url\":\"https:\/\/www.aeroport-rodez.fr\/en\/services-restaurant\/restauration\/\",\"name\":\"Restaurant - Rodez-Aveyron Airport\",\"isPartOf\":{\"@id\":\"https:\/\/www.aeroport-rodez.fr\/#website\"},\"datePublished\":\"2024-07-01T09:00:33+00:00\",\"dateModified\":\"2024-09-04T08:57:31+00:00\",\"description\":\"Need a break... The airport's Bar\/Restaurant welcomes you for a drink, a snack or lunch! For snacks: mixed salads and sandwiches\",\"breadcrumb\":{\"@id\":\"https:\/\/www.aeroport-rodez.fr\/en\/services-restaurant\/restauration\/#breadcrumb\"},\"inLanguage\":\"fr-FR\",\"potentialAction\":[{\"@type\":\"ReadAction\",\"target\":[\"https:\/\/www.aeroport-rodez.fr\/en\/services-restaurant\/restauration\/\"]}]},{\"@type\":\"BreadcrumbList\",\"@id\":\"https:\/\/www.aeroport-rodez.fr\/en\/services-restaurant\/restauration\/#breadcrumb\",\"itemListElement\":[{\"@type\":\"ListItem\",\"position\":1,\"name\":\"Accueil\",\"item\":\"https:\/\/www.aeroport-rodez.fr\/en\/\"},{\"@type\":\"ListItem\",\"position\":2,\"name\":\"Services &#038; restaurant\",\"item\":\"https:\/\/www.aeroport-rodez.fr\/en\/services-restaurant\/\"},{\"@type\":\"ListItem\",\"position\":3,\"name\":\"Restauration\"}]},{\"@type\":\"WebSite\",\"@id\":\"https:\/\/www.aeroport-rodez.fr\/#website\",\"url\":\"https:\/\/www.aeroport-rodez.fr\/\",\"name\":\"A\u00e9roport Rodez\",\"description\":\"\",\"potentialAction\":[{\"@type\":\"SearchAction\",\"target\":{\"@type\":\"EntryPoint\",\"urlTemplate\":\"https:\/\/www.aeroport-rodez.fr\/?s={search_term_string}\"},\"query-input\":\"required name=search_term_string\"}],\"inLanguage\":\"fr-FR\"}]}<\/script>\n<!-- \/ Yoast SEO plugin. -->","yoast_head_json":{"title":"Restaurant - Rodez-Aveyron Airport","description":"Need a break... The airport's Bar\/Restaurant welcomes you for a drink, a snack or lunch! For snacks: mixed salads and sandwiches","robots":{"index":"index","follow":"follow","max-snippet":"max-snippet:-1","max-image-preview":"max-image-preview:large","max-video-preview":"max-video-preview:-1"},"canonical":"https:\/\/www.aeroport-rodez.fr\/en\/services-restaurant\/restauration\/","og_locale":"en_GB","og_type":"article","og_title":"Restaurant - Rodez-Aveyron Airport","og_description":"Need a break... The airport's Bar\/Restaurant welcomes you for a drink, a snack or lunch! For snacks: mixed salads and sandwiches","og_url":"https:\/\/www.aeroport-rodez.fr\/en\/services-restaurant\/restauration\/","og_site_name":"A\u00e9roport Rodez","article_publisher":"https:\/\/www.facebook.com\/A%c3%a9roport-Rodez-Aveyron-341518136231765\/","article_modified_time":"2024-09-04T08:57:31+00:00","og_image":[{"width":2048,"height":1365,"url":"https:\/\/www.aeroport-rodez.fr\/wp-content\/uploads\/2024\/07\/pain.jpg","type":"image\/jpeg"}],"twitter_card":"summary_large_image","twitter_misc":{"Estimated reading time":"1 minute"},"schema":{"@context":"https:\/\/schema.org","@graph":[{"@type":"WebPage","@id":"https:\/\/www.aeroport-rodez.fr\/en\/services-restaurant\/restauration\/","url":"https:\/\/www.aeroport-rodez.fr\/en\/services-restaurant\/restauration\/","name":"Restaurant - Rodez-Aveyron Airport","isPartOf":{"@id":"https:\/\/www.aeroport-rodez.fr\/#website"},"datePublished":"2024-07-01T09:00:33+00:00","dateModified":"2024-09-04T08:57:31+00:00","description":"Need a break... The airport's Bar\/Restaurant welcomes you for a drink, a snack or lunch! For snacks: mixed salads and sandwiches","breadcrumb":{"@id":"https:\/\/www.aeroport-rodez.fr\/en\/services-restaurant\/restauration\/#breadcrumb"},"inLanguage":"fr-FR","potentialAction":[{"@type":"ReadAction","target":["https:\/\/www.aeroport-rodez.fr\/en\/services-restaurant\/restauration\/"]}]},{"@type":"BreadcrumbList","@id":"https:\/\/www.aeroport-rodez.fr\/en\/services-restaurant\/restauration\/#breadcrumb","itemListElement":[{"@type":"ListItem","position":1,"name":"Accueil","item":"https:\/\/www.aeroport-rodez.fr\/en\/"},{"@type":"ListItem","position":2,"name":"Services &#038; restaurant","item":"https:\/\/www.aeroport-rodez.fr\/en\/services-restaurant\/"},{"@type":"ListItem","position":3,"name":"Restauration"}]},{"@type":"WebSite","@id":"https:\/\/www.aeroport-rodez.fr\/#website","url":"https:\/\/www.aeroport-rodez.fr\/","name":"A\u00e9roport Rodez","description":"","potentialAction":[{"@type":"SearchAction","target":{"@type":"EntryPoint","urlTemplate":"https:\/\/www.aeroport-rodez.fr\/?s={search_term_string}"},"query-input":"required name=search_term_string"}],"inLanguage":"fr-FR"}]}},"_links":{"self":[{"href":"https:\/\/www.aeroport-rodez.fr\/en\/wp-json\/wp\/v2\/pages\/1461"}],"collection":[{"href":"https:\/\/www.aeroport-rodez.fr\/en\/wp-json\/wp\/v2\/pages"}],"about":[{"href":"https:\/\/www.aeroport-rodez.fr\/en\/wp-json\/wp\/v2\/types\/page"}],"author":[{"embeddable":true,"href":"https:\/\/www.aeroport-rodez.fr\/en\/wp-json\/wp\/v2\/users\/2"}],"replies":[{"embeddable":true,"href":"https:\/\/www.aeroport-rodez.fr\/en\/wp-json\/wp\/v2\/comments?post=1461"}],"version-history":[{"count":17,"href":"https:\/\/www.aeroport-rodez.fr\/en\/wp-json\/wp\/v2\/pages\/1461\/revisions"}],"predecessor-version":[{"id":4511,"href":"https:\/\/www.aeroport-rodez.fr\/en\/wp-json\/wp\/v2\/pages\/1461\/revisions\/4511"}],"up":[{"embeddable":true,"href":"https:\/\/www.aeroport-rodez.fr\/en\/wp-json\/wp\/v2\/pages\/463"}],"wp:featuredmedia":[{"embeddable":true,"href":"https:\/\/www.aeroport-rodez.fr\/en\/wp-json\/wp\/v2\/media\/4415"}],"wp:attachment":[{"href":"https:\/\/www.aeroport-rodez.fr\/en\/wp-json\/wp\/v2\/media?parent=1461"}],"curies":[{"name":"wp","href":"https:\/\/api.w.org\/{rel}","templated":true}]}}