{"id":1482,"date":"2017-06-21T11:22:59","date_gmt":"2017-06-21T09:22:59","guid":{"rendered":"https:\/\/www.aeroport-rodez.fr\/?page_id=1482\/"},"modified":"2017-10-05T12:34:21","modified_gmt":"2017-10-05T10:34:21","slug":"cash-machine","status":"publish","type":"page","link":"https:\/\/www.aeroport-rodez.fr\/en\/services-restaurant\/cash-machine\/","title":{"rendered":"Cash Machine"},"content":{"rendered":"<h3 style=\"text-align: center;\"><span class=\"gros-texte\">THE CREDIT agricole bank put an automatic teller machine <br \/>\n <\/span><span class=\"gros-texte\">AT YOUR DISPOSAL IN THE rodez-aveyron AIRPORT<\/span><\/h3>\n<p>{{col-2}}<\/p>\n<p style=\"text-align: justify;\">\u00a0<\/p>\n<h4>Nearest Cr\u00e9dit Agricole agencies:<\/h4>\n<ul>\n<li>Rodez Amphith\u00e9\u00e2tre<br \/>\n 6, boulevard du 122\u00b0 R\u00e9giment d\u2019Infanterie<\/li>\n<li>Rodez Pr\u00e9fecture\u00a0<br \/>\n Carrefour Saint-Etienne<\/li>\n<li>Rodez Bourran<br \/>\n 18 avenue de Bourran<\/li>\n<\/ul>\n<p>&nbsp;<\/p>\n<h4>In case of bank card loss please contact <a href=\"tel:+33980981818\">+33 980 981 818<\/a><\/h4>\n<p>&nbsp;<\/p>\n<p>&nbsp;<\/p>\n<p>{{col-2}}<\/p>\n<p>&nbsp;<\/p>\n<p><img loading=\"lazy\" class=\"aligncenter\" src=\"https:\/\/www.aeroport-rodez.fr\/wp-content\/uploads\/2016\/11\/logo-ca-300x276.png\" alt=\"\" width=\"241\" height=\"222\" \/><\/p>\n<p>{{col-1}}<\/p>\n<hr \/>\n<p style=\"text-align: center;\">\u00a0<\/p>\n<h3 style=\"text-align: center;\"><strong>schedule<\/strong><\/h3>\n<p style=\"text-align: center;\"><span class=\"titre-h4\">Monday to Friday &#8211;\u00a05 a.m. to\u00a010 p.m.<\/span><\/p>\n<p style=\"text-align: center;\"><span class=\"titre-h4\">Saturday &#8211;\u00a06 a.m. to\u00a0noon<\/span><\/p>\n<p style=\"text-align: center;\"><span class=\"titre-h4\">Sunday &#8211;\u00a012:30 p.m. to\u00a010 p.m.<\/span><\/p>\n<h4 style=\"text-align: center;\">\u00a0<\/h4>\n<h4 style=\"text-align: center;\"><span class=\"gros-texte\">\u00a0<\/span><\/h4>\n<p>&nbsp;<\/p>\n","protected":false},"excerpt":{"rendered":"<p>THE CREDIT agricole bank put an automatic teller machine AT YOUR DISPOSAL IN THE rodez-aveyron AIRPORT {{col-2}} \u00a0 Nearest Cr\u00e9dit Agricole agencies: Rodez Amphith\u00e9\u00e2tre 6, boulevard du 122\u00b0 &#8230;<\/p>\n","protected":false},"author":2,"featured_media":2393,"parent":463,"menu_order":10,"comment_status":"closed","ping_status":"closed","template":"","meta":[],"yoast_head":"<!-- This site is optimized with the Yoast SEO plugin v19.13 - https:\/\/yoast.com\/wordpress\/plugins\/seo\/ -->\n<title>Cash Machine - Rodez-Aveyron Airport<\/title>\n<meta name=\"description\" content=\"The Credit Agricole bank put an automatic teller machine at your disposal in the Rodez-Aveyron Airport. Your Credit Agricole agencies\" \/>\n<meta name=\"robots\" content=\"index, follow, max-snippet:-1, max-image-preview:large, max-video-preview:-1\" \/>\n<link rel=\"canonical\" href=\"https:\/\/www.aeroport-rodez.fr\/en\/services-restaurant\/cash-machine\/\" \/>\n<meta property=\"og:locale\" content=\"en_GB\" \/>\n<meta property=\"og:type\" content=\"article\" \/>\n<meta property=\"og:title\" content=\"Cash Machine - Rodez-Aveyron Airport\" \/>\n<meta property=\"og:description\" content=\"The Credit Agricole bank put an automatic teller machine at your disposal in the Rodez-Aveyron Airport. Your Credit Agricole agencies\" \/>\n<meta property=\"og:url\" content=\"https:\/\/www.aeroport-rodez.fr\/en\/services-restaurant\/cash-machine\/\" \/>\n<meta property=\"og:site_name\" content=\"A\u00e9roport Rodez\" \/>\n<meta property=\"article:publisher\" content=\"https:\/\/www.facebook.com\/A%c3%a9roport-Rodez-Aveyron-341518136231765\/\" \/>\n<meta property=\"article:modified_time\" content=\"2017-10-05T10:34:21+00:00\" \/>\n<meta property=\"og:image\" content=\"https:\/\/www.aeroport-rodez.fr\/wp-content\/uploads\/2017\/06\/miniature-distributeur.png\" \/>\n\t<meta property=\"og:image:width\" content=\"580\" \/>\n\t<meta property=\"og:image:height\" content=\"360\" \/>\n\t<meta property=\"og:image:type\" content=\"image\/png\" \/>\n<meta name=\"twitter:card\" content=\"summary_large_image\" \/>\n<script type=\"application\/ld+json\" class=\"yoast-schema-graph\">{\"@context\":\"https:\/\/schema.org\",\"@graph\":[{\"@type\":\"WebPage\",\"@id\":\"https:\/\/www.aeroport-rodez.fr\/en\/services-restaurant\/cash-machine\/\",\"url\":\"https:\/\/www.aeroport-rodez.fr\/en\/services-restaurant\/cash-machine\/\",\"name\":\"Cash Machine - Rodez-Aveyron Airport\",\"isPartOf\":{\"@id\":\"https:\/\/www.aeroport-rodez.fr\/#website\"},\"datePublished\":\"2017-06-21T09:22:59+00:00\",\"dateModified\":\"2017-10-05T10:34:21+00:00\",\"description\":\"The Credit Agricole bank put an automatic teller machine at your disposal in the Rodez-Aveyron Airport. Your Credit Agricole agencies\",\"breadcrumb\":{\"@id\":\"https:\/\/www.aeroport-rodez.fr\/en\/services-restaurant\/cash-machine\/#breadcrumb\"},\"inLanguage\":\"fr-FR\",\"potentialAction\":[{\"@type\":\"ReadAction\",\"target\":[\"https:\/\/www.aeroport-rodez.fr\/en\/services-restaurant\/cash-machine\/\"]}]},{\"@type\":\"BreadcrumbList\",\"@id\":\"https:\/\/www.aeroport-rodez.fr\/en\/services-restaurant\/cash-machine\/#breadcrumb\",\"itemListElement\":[{\"@type\":\"ListItem\",\"position\":1,\"name\":\"Accueil\",\"item\":\"https:\/\/www.aeroport-rodez.fr\/en\/\"},{\"@type\":\"ListItem\",\"position\":2,\"name\":\"Services &#038; restaurant\",\"item\":\"https:\/\/www.aeroport-rodez.fr\/en\/services-restaurant\/\"},{\"@type\":\"ListItem\",\"position\":3,\"name\":\"Cash Machine\"}]},{\"@type\":\"WebSite\",\"@id\":\"https:\/\/www.aeroport-rodez.fr\/#website\",\"url\":\"https:\/\/www.aeroport-rodez.fr\/\",\"name\":\"A\u00e9roport Rodez\",\"description\":\"\",\"potentialAction\":[{\"@type\":\"SearchAction\",\"target\":{\"@type\":\"EntryPoint\",\"urlTemplate\":\"https:\/\/www.aeroport-rodez.fr\/?s={search_term_string}\"},\"query-input\":\"required name=search_term_string\"}],\"inLanguage\":\"fr-FR\"}]}<\/script>\n<!-- \/ Yoast SEO plugin. -->","yoast_head_json":{"title":"Cash Machine - Rodez-Aveyron Airport","description":"The Credit Agricole bank put an automatic teller machine at your disposal in the Rodez-Aveyron Airport. Your Credit Agricole agencies","robots":{"index":"index","follow":"follow","max-snippet":"max-snippet:-1","max-image-preview":"max-image-preview:large","max-video-preview":"max-video-preview:-1"},"canonical":"https:\/\/www.aeroport-rodez.fr\/en\/services-restaurant\/cash-machine\/","og_locale":"en_GB","og_type":"article","og_title":"Cash Machine - Rodez-Aveyron Airport","og_description":"The Credit Agricole bank put an automatic teller machine at your disposal in the Rodez-Aveyron Airport. Your Credit Agricole agencies","og_url":"https:\/\/www.aeroport-rodez.fr\/en\/services-restaurant\/cash-machine\/","og_site_name":"A\u00e9roport Rodez","article_publisher":"https:\/\/www.facebook.com\/A%c3%a9roport-Rodez-Aveyron-341518136231765\/","article_modified_time":"2017-10-05T10:34:21+00:00","og_image":[{"width":580,"height":360,"url":"https:\/\/www.aeroport-rodez.fr\/wp-content\/uploads\/2017\/06\/miniature-distributeur.png","type":"image\/png"}],"twitter_card":"summary_large_image","schema":{"@context":"https:\/\/schema.org","@graph":[{"@type":"WebPage","@id":"https:\/\/www.aeroport-rodez.fr\/en\/services-restaurant\/cash-machine\/","url":"https:\/\/www.aeroport-rodez.fr\/en\/services-restaurant\/cash-machine\/","name":"Cash Machine - Rodez-Aveyron Airport","isPartOf":{"@id":"https:\/\/www.aeroport-rodez.fr\/#website"},"datePublished":"2017-06-21T09:22:59+00:00","dateModified":"2017-10-05T10:34:21+00:00","description":"The Credit Agricole bank put an automatic teller machine at your disposal in the Rodez-Aveyron Airport. Your Credit Agricole agencies","breadcrumb":{"@id":"https:\/\/www.aeroport-rodez.fr\/en\/services-restaurant\/cash-machine\/#breadcrumb"},"inLanguage":"fr-FR","potentialAction":[{"@type":"ReadAction","target":["https:\/\/www.aeroport-rodez.fr\/en\/services-restaurant\/cash-machine\/"]}]},{"@type":"BreadcrumbList","@id":"https:\/\/www.aeroport-rodez.fr\/en\/services-restaurant\/cash-machine\/#breadcrumb","itemListElement":[{"@type":"ListItem","position":1,"name":"Accueil","item":"https:\/\/www.aeroport-rodez.fr\/en\/"},{"@type":"ListItem","position":2,"name":"Services &#038; restaurant","item":"https:\/\/www.aeroport-rodez.fr\/en\/services-restaurant\/"},{"@type":"ListItem","position":3,"name":"Cash Machine"}]},{"@type":"WebSite","@id":"https:\/\/www.aeroport-rodez.fr\/#website","url":"https:\/\/www.aeroport-rodez.fr\/","name":"A\u00e9roport Rodez","description":"","potentialAction":[{"@type":"SearchAction","target":{"@type":"EntryPoint","urlTemplate":"https:\/\/www.aeroport-rodez.fr\/?s={search_term_string}"},"query-input":"required name=search_term_string"}],"inLanguage":"fr-FR"}]}},"_links":{"self":[{"href":"https:\/\/www.aeroport-rodez.fr\/en\/wp-json\/wp\/v2\/pages\/1482"}],"collection":[{"href":"https:\/\/www.aeroport-rodez.fr\/en\/wp-json\/wp\/v2\/pages"}],"about":[{"href":"https:\/\/www.aeroport-rodez.fr\/en\/wp-json\/wp\/v2\/types\/page"}],"author":[{"embeddable":true,"href":"https:\/\/www.aeroport-rodez.fr\/en\/wp-json\/wp\/v2\/users\/2"}],"replies":[{"embeddable":true,"href":"https:\/\/www.aeroport-rodez.fr\/en\/wp-json\/wp\/v2\/comments?post=1482"}],"version-history":[{"count":6,"href":"https:\/\/www.aeroport-rodez.fr\/en\/wp-json\/wp\/v2\/pages\/1482\/revisions"}],"predecessor-version":[{"id":1613,"href":"https:\/\/www.aeroport-rodez.fr\/en\/wp-json\/wp\/v2\/pages\/1482\/revisions\/1613"}],"up":[{"embeddable":true,"href":"https:\/\/www.aeroport-rodez.fr\/en\/wp-json\/wp\/v2\/pages\/463"}],"wp:featuredmedia":[{"embeddable":true,"href":"https:\/\/www.aeroport-rodez.fr\/en\/wp-json\/wp\/v2\/media\/2393"}],"wp:attachment":[{"href":"https:\/\/www.aeroport-rodez.fr\/en\/wp-json\/wp\/v2\/media?parent=1482"}],"curies":[{"name":"wp","href":"https:\/\/api.w.org\/{rel}","templated":true}]}}